{"id":175,"date":"2011-04-03T10:12:17","date_gmt":"2011-04-03T10:12:17","guid":{"rendered":"http:\/\/www.mervisoramies.fi\/?page_id=175"},"modified":"2026-03-23T12:52:56","modified_gmt":"2026-03-23T12:52:56","slug":"upcoming-exhibitions","status":"publish","type":"page","link":"https:\/\/www.mervisoramies.fi\/?page_id=175","title":{"rendered":"Upcoming exhibitions"},"content":{"rendered":"\n<h4 class=\"wp-block-heading\">Avajaiset 15.4. klo 16-18<\/h4>\n\n\n\n<h4 class=\"wp-block-heading\">Forms of the formless, A+Gallery, capellan puistotie 19, Kalasatama, 15.4.-29.4.2026<\/h4>\n\n\n\n<p><\/p>\n\n\n\n<p><\/p>\n\n\n\n<p><\/p>\n\n\n\n<p><\/p>\n\n\n\n<figure class=\"wp-block-gallery has-nested-images columns-3 is-cropped wp-block-gallery-1 is-layout-flex wp-block-gallery-is-layout-flex\">\n<figure class=\"wp-block-image size-medium\"><img loading=\"lazy\" decoding=\"async\" width=\"600\" height=\"600\" data-id=\"821\" src=\"https:\/\/www.mervisoramies.fi\/wp-content\/uploads\/2024\/08\/SensusMundus3_Instagram_v4-600x600.jpg\" alt=\"\" class=\"wp-image-821\" srcset=\"https:\/\/www.mervisoramies.fi\/wp-content\/uploads\/2024\/08\/SensusMundus3_Instagram_v4-600x600.jpg 600w, https:\/\/www.mervisoramies.fi\/wp-content\/uploads\/2024\/08\/SensusMundus3_Instagram_v4-150x150.jpg 150w, https:\/\/www.mervisoramies.fi\/wp-content\/uploads\/2024\/08\/SensusMundus3_Instagram_v4-768x768.jpg 768w, https:\/\/www.mervisoramies.fi\/wp-content\/uploads\/2024\/08\/SensusMundus3_Instagram_v4.jpg 1080w\" sizes=\"auto, (max-width: 600px) 100vw, 600px\" \/><\/figure>\n\n\n\n<figure class=\"wp-block-image size-medium\"><img loading=\"lazy\" decoding=\"async\" width=\"338\" height=\"600\" data-id=\"823\" src=\"https:\/\/www.mervisoramies.fi\/wp-content\/uploads\/2024\/08\/1722602467-kohtaamiasia_instatoori2-338x600.jpg\" alt=\"\" class=\"wp-image-823\" srcset=\"https:\/\/www.mervisoramies.fi\/wp-content\/uploads\/2024\/08\/1722602467-kohtaamiasia_instatoori2-338x600.jpg 338w, https:\/\/www.mervisoramies.fi\/wp-content\/uploads\/2024\/08\/1722602467-kohtaamiasia_instatoori2-768x1365.jpg 768w, https:\/\/www.mervisoramies.fi\/wp-content\/uploads\/2024\/08\/1722602467-kohtaamiasia_instatoori2.jpg 1080w\" sizes=\"auto, (max-width: 338px) 100vw, 338px\" \/><\/figure>\n\n\n\n<figure class=\"wp-block-image size-medium\"><img loading=\"lazy\" decoding=\"async\" width=\"900\" height=\"506\" data-id=\"803\" src=\"https:\/\/www.mervisoramies.fi\/wp-content\/uploads\/2022\/08\/Sensus-Mundus-2-uusi-900x506.jpg\" alt=\"\" class=\"wp-image-803\" srcset=\"https:\/\/www.mervisoramies.fi\/wp-content\/uploads\/2022\/08\/Sensus-Mundus-2-uusi-900x506.jpg 900w, https:\/\/www.mervisoramies.fi\/wp-content\/uploads\/2022\/08\/Sensus-Mundus-2-uusi-768x432.jpg 768w, https:\/\/www.mervisoramies.fi\/wp-content\/uploads\/2022\/08\/Sensus-Mundus-2-uusi.jpg 1280w\" sizes=\"auto, (max-width: 900px) 100vw, 900px\" \/><\/figure>\n\n\n\n<figure class=\"wp-block-image size-medium\"><img loading=\"lazy\" decoding=\"async\" width=\"338\" height=\"600\" data-id=\"623\" src=\"https:\/\/www.mervisoramies.fi\/wp-content\/uploads\/2021\/01\/120312308_10159074415589406_5479470425233888468_n-338x600.jpg\" alt=\"\" class=\"wp-image-623\" srcset=\"https:\/\/www.mervisoramies.fi\/wp-content\/uploads\/2021\/01\/120312308_10159074415589406_5479470425233888468_n-338x600.jpg 338w, https:\/\/www.mervisoramies.fi\/wp-content\/uploads\/2021\/01\/120312308_10159074415589406_5479470425233888468_n.jpg 526w\" sizes=\"auto, (max-width: 338px) 100vw, 338px\" \/><\/figure>\n\n\n\n<figure class=\"wp-block-image size-medium\"><img loading=\"lazy\" decoding=\"async\" width=\"338\" height=\"600\" data-id=\"712\" src=\"https:\/\/www.mervisoramies.fi\/wp-content\/uploads\/2021\/04\/118602358_10159003063594406_2877590218826536742_n-1-338x600.jpg\" alt=\"\" class=\"wp-image-712\"\/><\/figure>\n\n\n\n<figure class=\"wp-block-image size-medium\"><img loading=\"lazy\" decoding=\"async\" width=\"900\" height=\"391\" data-id=\"710\" src=\"https:\/\/www.mervisoramies.fi\/wp-content\/uploads\/2021\/04\/AVA-2018-900x391.jpg\" alt=\"\" class=\"wp-image-710\" srcset=\"https:\/\/www.mervisoramies.fi\/wp-content\/uploads\/2021\/04\/AVA-2018-900x391.jpg 900w, https:\/\/www.mervisoramies.fi\/wp-content\/uploads\/2021\/04\/AVA-2018-768x334.jpg 768w, https:\/\/www.mervisoramies.fi\/wp-content\/uploads\/2021\/04\/AVA-2018.jpg 960w\" sizes=\"auto, (max-width: 900px) 100vw, 900px\" \/><\/figure>\n\n\n\n<figure class=\"wp-block-image size-medium\"><img loading=\"lazy\" decoding=\"async\" width=\"480\" height=\"600\" data-id=\"620\" src=\"https:\/\/www.mervisoramies.fi\/wp-content\/uploads\/2020\/08\/Juuret-480x600.jpg\" alt=\"\" class=\"wp-image-620\" srcset=\"https:\/\/www.mervisoramies.fi\/wp-content\/uploads\/2020\/08\/Juuret-480x600.jpg 480w, https:\/\/www.mervisoramies.fi\/wp-content\/uploads\/2020\/08\/Juuret.jpg 768w\" sizes=\"auto, (max-width: 480px) 100vw, 480px\" \/><\/figure>\n\n\n\n<figure class=\"wp-block-image size-medium\"><img loading=\"lazy\" decoding=\"async\" width=\"839\" height=\"600\" data-id=\"560\" src=\"https:\/\/www.mervisoramies.fi\/wp-content\/uploads\/2018\/04\/GalleriaFogga2018-839x600.jpg\" alt=\"\" class=\"wp-image-560\" srcset=\"https:\/\/www.mervisoramies.fi\/wp-content\/uploads\/2018\/04\/GalleriaFogga2018-839x600.jpg 839w, https:\/\/www.mervisoramies.fi\/wp-content\/uploads\/2018\/04\/GalleriaFogga2018.jpg 950w\" sizes=\"auto, (max-width: 839px) 100vw, 839px\" \/><\/figure>\n\n\n\n<figure class=\"wp-block-image size-medium\"><img loading=\"lazy\" decoding=\"async\" width=\"839\" height=\"600\" data-id=\"505\" src=\"https:\/\/www.mervisoramies.fi\/wp-content\/uploads\/2016\/08\/Vernissage-839x600.jpg\" alt=\"\" class=\"wp-image-505\" srcset=\"https:\/\/www.mervisoramies.fi\/wp-content\/uploads\/2016\/08\/Vernissage-839x600.jpg 839w, https:\/\/www.mervisoramies.fi\/wp-content\/uploads\/2016\/08\/Vernissage.jpg 950w\" sizes=\"auto, (max-width: 839px) 100vw, 839px\" \/><\/figure>\n\n\n\n<figure class=\"wp-block-image size-medium\"><img loading=\"lazy\" decoding=\"async\" width=\"893\" height=\"600\" data-id=\"550\" src=\"https:\/\/www.mervisoramies.fi\/wp-content\/uploads\/2011\/04\/DSC_0972-893x600.jpg\" alt=\"\" class=\"wp-image-550\"\/><\/figure>\n\n\n\n<figure class=\"wp-block-image size-medium\"><img loading=\"lazy\" decoding=\"async\" width=\"600\" height=\"600\" data-id=\"545\" src=\"https:\/\/www.mervisoramies.fi\/wp-content\/uploads\/2017\/10\/Paris_artSh-600x600.jpg\" alt=\"\" class=\"wp-image-545\" srcset=\"https:\/\/www.mervisoramies.fi\/wp-content\/uploads\/2017\/10\/Paris_artSh-600x600.jpg 600w, https:\/\/www.mervisoramies.fi\/wp-content\/uploads\/2017\/10\/Paris_artSh-150x150.jpg 150w, https:\/\/www.mervisoramies.fi\/wp-content\/uploads\/2017\/10\/Paris_artSh.jpg 960w\" sizes=\"auto, (max-width: 600px) 100vw, 600px\" \/><\/figure>\n\n\n\n<figure class=\"wp-block-image size-medium\"><img loading=\"lazy\" decoding=\"async\" width=\"848\" height=\"600\" data-id=\"486\" src=\"https:\/\/www.mervisoramies.fi\/wp-content\/uploads\/2011\/04\/n\u00e4yttely-848x600.png\" alt=\"\" class=\"wp-image-486\" srcset=\"https:\/\/www.mervisoramies.fi\/wp-content\/uploads\/2011\/04\/n\u00e4yttely-848x600.png 848w, https:\/\/www.mervisoramies.fi\/wp-content\/uploads\/2011\/04\/n\u00e4yttely.png 908w\" sizes=\"auto, (max-width: 848px) 100vw, 848px\" \/><\/figure>\n\n\n\n<figure class=\"wp-block-image size-medium\"><img loading=\"lazy\" decoding=\"async\" width=\"636\" height=\"600\" data-id=\"320\" src=\"https:\/\/www.mervisoramies.fi\/wp-content\/uploads\/2011\/04\/pinnalla-636x600.jpg\" alt=\"Group exhibition Gallery Artika\" class=\"wp-image-320\" srcset=\"https:\/\/www.mervisoramies.fi\/wp-content\/uploads\/2011\/04\/pinnalla-636x600.jpg 636w, https:\/\/www.mervisoramies.fi\/wp-content\/uploads\/2011\/04\/pinnalla.jpg 720w\" sizes=\"auto, (max-width: 636px) 100vw, 636px\" \/><\/figure>\n\n\n\n<figure class=\"wp-block-image size-medium\"><img loading=\"lazy\" decoding=\"async\" width=\"840\" height=\"600\" data-id=\"316\" src=\"https:\/\/www.mervisoramies.fi\/wp-content\/uploads\/2014\/01\/Mervi-Soramies-Kutsu-2-840x600.jpg\" alt=\"\" class=\"wp-image-316\"\/><\/figure>\n\n\n\n<figure class=\"wp-block-image size-medium\"><img loading=\"lazy\" decoding=\"async\" width=\"422\" height=\"600\" data-id=\"294\" src=\"https:\/\/www.mervisoramies.fi\/wp-content\/uploads\/2013\/10\/kalle-422x600.png\" alt=\"\" class=\"wp-image-294\" srcset=\"https:\/\/www.mervisoramies.fi\/wp-content\/uploads\/2013\/10\/kalle-422x600.png 422w, https:\/\/www.mervisoramies.fi\/wp-content\/uploads\/2013\/10\/kalle.png 800w\" sizes=\"auto, (max-width: 422px) 100vw, 422px\" \/><\/figure>\n<\/figure>\n\n\n\n<p><strong>&nbsp;<\/strong><\/p>\n\n\n\n<h1 class=\"wp-block-heading\"><strong>Upcoming exhibitions<\/strong><\/h1>\n\n\n\n<p>Sensus Mundus 4, Kaapelitehdas 2026, marraskuu<\/p>\n\n\n\n<h2 class=\"wp-block-heading\"><strong>RECENT EXHIBITIONS&nbsp;<\/strong><\/h2>\n\n\n\n<p>A+Gallery, Kalasatama, Landscapes of the mind, group exhibition 13.9.2025-29.9.2025<\/p>\n\n\n\n<p>Str\u00f6mforsin Ruukki,  Taidekortteli ry:n Juhlakattaus, yhteisn\u00e4yttely, group exhibition 1.8.-31.8.2025<\/p>\n\n\n\n<p>Sensus Mundus 3 Taiden\u00e4yttely, Kaapelitehdas Puristamo, yhteisn\u00e4yttely, group exhibition 26.9.-13.10.2024<\/p>\n\n\n\n<p>Kaapelitehdas Puristamo, Cable Factory,<strong> <\/strong>Helsingin taideyhdistyksen vuosin\u00e4yttely 2024, Kohtaamisia, group exhibition, 13.8.-1.9.2024<\/p>\n\n\n\n<p><strong>Kaapelitehdas Puristamo, Cable Factory<\/strong>, Helsingin taideyhdistyksen vuosin\u00e4yttely 2024, Kohtaamisia, group exhibition, 13.8.-1.9.2024<\/p>\n\n\n\n<p><b>International<\/b>&nbsp;<b>Biennale&nbsp;in&nbsp;<wbr>Barcelona<\/b>, MEAM Museum&nbsp;&#8211;&nbsp;18&nbsp;to 20 November, 2022. Curated by Salvatore and Francesco Russo, Italy<\/p>\n\n\n\n<p><strong>Kaapelitehdas, Cable Factory, Helsinki, Puristamo<\/strong>, Sensus Mundus 2, group exhibition, 27.9.-10.10.2022<\/p>\n\n\n\n<p><strong>Kaapelitehdas, Puristamo, SENSUS MUNDUS&nbsp;<\/strong>group exhibition, 29.9-18.10.2020, Ruoholahti<\/p>\n\n\n\n<p><strong>Klementtiinan Sali,<\/strong> group exhibition, 3.11-2.12.2018, Tuomarinkyl\u00e4n kartano, Taidetta suoraan taiteilijoilta<\/p>\n\n\n\n<p><strong>AVA Gallery<\/strong>, Osakasta AVAan, group exhibition, 1.8.2018-19.8.2018<\/p>\n\n\n\n<p><strong>Japan, Osaka,<\/strong> 2018 May, group exhibition with Ava Gallery, Helsinki, Finland<\/p>\n\n\n\n<p><strong>Puotila manor house<\/strong>, April the 19th to 27 th of May, group exhibition, Kun aamut pisaroi ja illat soi<\/p>\n\n\n\n<p><strong>Paris, Carrousel du Louvre<\/strong>, Paks Gallery. Art Shopping, Group exhibition 20.10-22.10.2017<\/p>\n\n\n\n<p><strong>Awace Collective<\/strong>, Freda 25, Vernissage 11.1.2017, 12.1- 30.1.2017<\/p>\n\n\n\n<p><strong>Galleria Fogga, Group exhibition,&nbsp;ASKING IN SURPRISE&nbsp; 27.8. &#8211; 15.9.2016, VERNISSAGE 27.8.2016<\/strong><\/p>\n\n\n\n<p>Ailan taidegalleria, Helsinki, Finland, 2016 exhibition!<\/p>\n\n\n\n<p>Ailan taidegalleria, Katajannokka, Helsinki &#8220;Take away&#8221; art exhibition 27.5.-19.6. ja 28.6.-24.7. Incl. my works!<\/p>\n\n\n\n<p>&nbsp;<\/p>\n\n\n\n<p>I&#8217;m fixing my&nbsp;<strong>http:\/\/www.saatchiart.com<\/strong> profile for selling art online 2016-<\/p>\n\n\n\n<p>&#8212;&#8212;&#8212;&#8212;&#8212;&#8212;&#8212;&#8212;&#8212;&#8212;&#8212;&#8212;&#8212;&#8212;&#8212;&#8212;&#8212;&#8212;&#8212;&#8212;&#8211;<\/p>\n\n\n\n<p>Exhibition <strong>ARTIKA <\/strong><\/p>\n\n\n\n<p><strong>From Mona Lisa to the right<\/strong><\/p>\n\n\n\n<p><strong>Gallery A<\/strong><strong>RTIKA&nbsp; 28.1-9.2.2014<\/strong><\/p>\n\n\n\n<p><strong>Galleria Artika, Helsinki Finland<\/strong><\/p>\n\n\n\n<p>Press release:<\/p>\n\n\n\n<p>Artist Mervi Soramies descripes her ideas behind&nbsp;the exhibition theme: Louvre, Paul Delaroche, \u201cLa jeune martyre\u201d. Claude Monet, Water lilies, Palladio with it\u2019s architecture are my main thread at this exhibition. You may see a blink of known themes from the 1900th century unto today&#8217;s pictures.<\/p>\n\n\n\n<div>\n<p>I made some research about the paintings of masters, without copying them. I mirrored them and adapted their ideas and worked out, inspired by them, glimpses from known themes.<\/p>\n<p>Everything starts from &#8220;The martyr&#8221; of Delaroche, \u201cthe main painting\u201d of this exhibition, which was placed next-door to Mona-Lisa. The painting has followed from the beginning of my artistic career as a picture in my \u201cart case\u201d. I went to see it in Louvre and then I decided that I must paint it, but my own way. It symbolizes life with it\u2019s challenges. In life we make choices and everything has it\u2019s meanings. You meet people who make you what you are. You are a prison<br>\nof your neighborhood and your own choices in good and bad. You are the martyr of the real life.<\/p>\n<\/div>\n\n\n\n<p>Exhibition <strong>ANT Gallery<\/strong><\/p>\n\n\n\n<p><strong>KARL AND THE GIRLS<\/strong><br>\nTuleva n\u00e4yttely ANT Gallery, Avajaiset 11.9.2012<\/p>\n\n\n\n<p>N\u00e4yttely avoinna 12.9-5.10.2012<\/p>\n\n\n\n<p>ANT Gallery Museokatu 25<\/p>\n\n\n\n<p><strong>LEHDIST\u00d6TIEDOTE<\/strong><\/p>\n\n\n\n<p><strong>KARL AND THE GIRLS<\/strong><\/p>\n\n\n\n<p>ICT-teht\u00e4v\u00e4t ja taiteilijuus k\u00e4velev\u00e4t k\u00e4si k\u00e4dess\u00e4. On harhaluulo, ett\u00e4 taide syntyy yleens\u00e4 viini\u00e4 nauttien ja baskeri p\u00e4\u00e4ss\u00e4 pensseli\u00e4 heiluttaen. Molemmissa ammateissa hyvi\u00e4 ominaisuuksia ovat analysointikyky sek\u00e4 keino l\u00f6yt\u00e4\u00e4 erilaisia tapoja toteuttaa toimivia ratkaisuja.<\/p>\n\n\n\n<p>Inspiraatiot t\u00f6illeni saan usein luovista, erikoisista sek\u00e4 aikaansaavista ihmisist\u00e4. Ihminen on kiinnostava erityisesti silloin, kun h\u00e4n teoillaan tai sanoillaan j\u00e4tt\u00e4\u00e4 j\u00e4lkeens\u00e4 kysymysmerkkej\u00e4 tai olemuksellaan viestii salaper\u00e4isyytt\u00e4. Mystisyys on avainsana ja sen taltioiminen teokseen on yksi tavoitteistani. Sen tasot ja miten sen tavoitan vaihtelee teoksissani joko henkil\u00f6kuvissa, v\u00e4rimaailmassa tai symboliikassa mutta pid\u00e4n sit\u00e4 yhten\u00e4 mittarina.<\/p>\n\n\n\n<p>Tervetuloa tutustumaan taiteeseeni, joka on syntynyt inspiroivia ihmisi\u00e4 tutkimalla, ja joka on vienyt luovuuttani eteenp\u00e4in ja antanut sopivia haasteita pohtia erilaisia toteutustapoja. Se on my\u00f6s antanut vastapainoa p\u00e4iv\u00e4ty\u00f6lleni ICT-asioiden parissa.<\/p>\n\n\n\n<p>&#8211; Mervi Soramies<\/p>\n\n\n\n<p><strong>LEHDIST\u00d6TIEDOTE<\/strong><\/p>\n\n\n\n<p><strong>360\u00ba 21 TUORETTA N\u00c4K\u00d6KULMAA MAALAUSTAITEESEEN.<\/strong><\/p>\n\n\n\n<p>360\u00ba -ryhm\u00e4n muodostavat Alfa-Art taideoppilaitoksesta valmistuvat 21 kuvataiteilijaa, jotka ovat opiskeluvuosiensa aikana l\u00f6yt\u00e4neet etsim\u00e4ns\u00e4 nykytaiteen viitoittamalla tiell\u00e4. Ryhm\u00e4n j\u00e4senet tuovat kukin esille n\u00e4kemyksens\u00e4 siit\u00e4, mit\u00e4 maalaustaide t\u00e4n\u00e4\u00e4n on.<\/p>\n\n\n\n<p>LOPPUTY\u00d6N\u00c4YTTELY<br>\nLopputy\u00f6n\u00e4yttely, nimelt\u00e4\u00e4n 360 \u00ba, j\u00e4rjestet\u00e4\u00e4n Kaapelitehtaalla. Valssaamon ja Puristamon tilat t\u00e4yttyv\u00e4t noin 150 maalauksesta, joiden lis\u00e4ksi yleis\u00f6n n\u00e4ht\u00e4viss\u00e4 ovat lopputy\u00f6portfoliot, joissa jokainen valmistuva kuvataiteilija valottaa viimeisen opiskeluvuotensa ty\u00f6skentelyprosessiaan sanoin ja kuvin.<\/p>\n\n\n\n<p>ALFA-ART<\/p>\n\n\n\n<p>Alfa-Art taideoppilaitos on kuvataiteilijan ammattiin valmistava yksityinen oppilaitos. Opintojen laajuus on 120-140 ov. Opetus on yksil\u00f6llist\u00e4 ja ty\u00f6skentely intensiivist\u00e4. Kuvataiteen eri alueisiin perehdyt\u00e4\u00e4n monipuolisesti, p\u00e4\u00e4paino on \u00f6ljyv\u00e4rimaalauksessa ja piirt\u00e4misess\u00e4.<strong><br><\/strong><\/p>\n\n\n\n<p><strong>Diploma work group exhibition at Cable factory Helsinki &#8211; Finland<\/strong> 201<\/p>\n\n\n\n<p>Mervi Soramies<br>ART Vernissage 11.5.2011 <br> Taideoppilaitos www.alfa-art.fi<\/p>\n\n\n\n<figure class=\"wp-block-image size-large\"><img loading=\"lazy\" decoding=\"async\" width=\"450\" height=\"600\" src=\"https:\/\/www.mervisoramies.fi\/wp-content\/uploads\/2017\/03\/IMG_4857-450x600.jpg\" alt=\"\" class=\"wp-image-525\" srcset=\"https:\/\/www.mervisoramies.fi\/wp-content\/uploads\/2017\/03\/IMG_4857-450x600.jpg 450w, https:\/\/www.mervisoramies.fi\/wp-content\/uploads\/2017\/03\/IMG_4857.jpg 1536w\" sizes=\"auto, (max-width: 450px) 100vw, 450px\" \/><figcaption class=\"wp-element-caption\">Kuvataiteilija 2011 Mervi Soramies, Taideoppilaitos Alfa-art, Kaapelitehdas<\/figcaption><\/figure>\n","protected":false},"excerpt":{"rendered":"<p>Avajaiset 15.4. klo 16-18 Forms of the formless, A+Gallery, capellan puistotie 19, Kalasatama, 15.4.-29.4.2026 &nbsp; Upcoming exhibitions Sensus Mundus 4, Kaapelitehdas 2026, marraskuu RECENT EXHIBITIONS&nbsp; A+Gallery, Kalasatama, Landscapes of the mind, group exhibition 13.9.2025-29.9.2025 Str\u00f6mforsin Ruukki, Taidekortteli ry:n Juhlakattaus, yhteisn\u00e4yttely, group exhibition 1.8.-31.8.2025 Sensus Mundus 3 Taiden\u00e4yttely, Kaapelitehdas Puristamo, yhteisn\u00e4yttely, group exhibition 26.9.-13.10.2024 Kaapelitehdas Puristamo, [&hellip;]<\/p>\n","protected":false},"author":1,"featured_media":0,"parent":0,"menu_order":5,"comment_status":"closed","ping_status":"closed","template":"","meta":{"footnotes":""},"class_list":["post-175","page","type-page","status-publish","hentry"],"_links":{"self":[{"href":"https:\/\/www.mervisoramies.fi\/index.php?rest_route=\/wp\/v2\/pages\/175","targetHints":{"allow":["GET"]}}],"collection":[{"href":"https:\/\/www.mervisoramies.fi\/index.php?rest_route=\/wp\/v2\/pages"}],"about":[{"href":"https:\/\/www.mervisoramies.fi\/index.php?rest_route=\/wp\/v2\/types\/page"}],"author":[{"embeddable":true,"href":"https:\/\/www.mervisoramies.fi\/index.php?rest_route=\/wp\/v2\/users\/1"}],"replies":[{"embeddable":true,"href":"https:\/\/www.mervisoramies.fi\/index.php?rest_route=%2Fwp%2Fv2%2Fcomments&post=175"}],"version-history":[{"count":109,"href":"https:\/\/www.mervisoramies.fi\/index.php?rest_route=\/wp\/v2\/pages\/175\/revisions"}],"predecessor-version":[{"id":896,"href":"https:\/\/www.mervisoramies.fi\/index.php?rest_route=\/wp\/v2\/pages\/175\/revisions\/896"}],"wp:attachment":[{"href":"https:\/\/www.mervisoramies.fi\/index.php?rest_route=%2Fwp%2Fv2%2Fmedia&parent=175"}],"curies":[{"name":"wp","href":"https:\/\/api.w.org\/{rel}","templated":true}]}}